{"id":233,"date":"2022-08-31T13:19:36","date_gmt":"2022-08-31T13:19:36","guid":{"rendered":"https:\/\/www.areyoutired.eu\/facit-faradtsag-skala\/"},"modified":"2022-09-06T10:22:32","modified_gmt":"2022-09-06T10:22:32","slug":"facit-faradtsag-skala","status":"publish","type":"page","link":"https:\/\/www.areyoutired.eu\/hu\/facit-faradtsag-skala\/","title":{"rendered":"FACIT F\u00e1radts\u00e1g sk\u00e1la"},"content":{"rendered":"\n<h1 class=\"wp-block-heading\">FACIT F\u00e1radts\u00e1g sk\u00e1la<\/h1>\n","protected":false},"excerpt":{"rendered":"<p>FACIT F\u00e1radts\u00e1g sk\u00e1la<\/p>\n","protected":false},"author":1,"featured_media":0,"parent":0,"menu_order":3,"comment_status":"closed","ping_status":"closed","template":"template-form.php","meta":{"footnotes":""},"class_list":["post-233","page","type-page","status-publish","hentry"],"acf":[],"yoast_head":"<!-- This site is optimized with the Yoast SEO plugin v19.10 - https:\/\/yoast.com\/wordpress\/plugins\/seo\/ -->\n<title>FACIT F\u00e1radts\u00e1g sk\u00e1la - Are you tired<\/title>\n<meta name=\"robots\" content=\"index, follow, max-snippet:-1, max-image-preview:large, max-video-preview:-1\" \/>\n<link rel=\"canonical\" href=\"https:\/\/www.areyoutired.eu\/hu\/facit-faradtsag-skala\/\" \/>\n<meta property=\"og:locale\" content=\"hu_HU\" \/>\n<meta property=\"og:type\" content=\"article\" \/>\n<meta property=\"og:title\" content=\"FACIT F\u00e1radts\u00e1g sk\u00e1la - Are you tired\" \/>\n<meta property=\"og:description\" content=\"FACIT F\u00e1radts\u00e1g sk\u00e1la\" \/>\n<meta property=\"og:url\" content=\"https:\/\/www.areyoutired.eu\/hu\/facit-faradtsag-skala\/\" \/>\n<meta property=\"og:site_name\" content=\"Are you tired\" \/>\n<meta property=\"article:modified_time\" content=\"2022-09-06T10:22:32+00:00\" \/>\n<meta name=\"twitter:card\" content=\"summary_large_image\" \/>\n<meta name=\"twitter:label1\" content=\"Becs\u00fclt olvas\u00e1si id\u0151\" \/>\n\t<meta name=\"twitter:data1\" content=\"1 perc\" \/>\n<script type=\"application\/ld+json\" class=\"yoast-schema-graph\">{\"@context\":\"https:\/\/schema.org\",\"@graph\":[{\"@type\":\"WebPage\",\"@id\":\"https:\/\/www.areyoutired.eu\/hu\/facit-faradtsag-skala\/\",\"url\":\"https:\/\/www.areyoutired.eu\/hu\/facit-faradtsag-skala\/\",\"name\":\"FACIT F\u00e1radts\u00e1g sk\u00e1la - Are you tired\",\"isPartOf\":{\"@id\":\"https:\/\/www.areyoutired.eu\/#website\"},\"datePublished\":\"2022-08-31T13:19:36+00:00\",\"dateModified\":\"2022-09-06T10:22:32+00:00\",\"breadcrumb\":{\"@id\":\"https:\/\/www.areyoutired.eu\/hu\/facit-faradtsag-skala\/#breadcrumb\"},\"inLanguage\":\"hu\",\"potentialAction\":[{\"@type\":\"ReadAction\",\"target\":[\"https:\/\/www.areyoutired.eu\/hu\/facit-faradtsag-skala\/\"]}]},{\"@type\":\"BreadcrumbList\",\"@id\":\"https:\/\/www.areyoutired.eu\/hu\/facit-faradtsag-skala\/#breadcrumb\",\"itemListElement\":[{\"@type\":\"ListItem\",\"position\":1,\"name\":\"Domovsk\u00e1 str\u00e1nka\",\"item\":\"https:\/\/www.areyoutired.eu\/\"},{\"@type\":\"ListItem\",\"position\":2,\"name\":\"FACIT F\u00e1radts\u00e1g sk\u00e1la\"}]},{\"@type\":\"WebSite\",\"@id\":\"https:\/\/www.areyoutired.eu\/#website\",\"url\":\"https:\/\/www.areyoutired.eu\/\",\"name\":\"Are you tired\",\"description\":\"\",\"potentialAction\":[{\"@type\":\"SearchAction\",\"target\":{\"@type\":\"EntryPoint\",\"urlTemplate\":\"https:\/\/www.areyoutired.eu\/?s={search_term_string}\"},\"query-input\":\"required name=search_term_string\"}],\"inLanguage\":\"hu\"}]}<\/script>\n<!-- \/ Yoast SEO plugin. -->","yoast_head_json":{"title":"FACIT F\u00e1radts\u00e1g sk\u00e1la - Are you tired","robots":{"index":"index","follow":"follow","max-snippet":"max-snippet:-1","max-image-preview":"max-image-preview:large","max-video-preview":"max-video-preview:-1"},"canonical":"https:\/\/www.areyoutired.eu\/hu\/facit-faradtsag-skala\/","og_locale":"hu_HU","og_type":"article","og_title":"FACIT F\u00e1radts\u00e1g sk\u00e1la - Are you tired","og_description":"FACIT F\u00e1radts\u00e1g sk\u00e1la","og_url":"https:\/\/www.areyoutired.eu\/hu\/facit-faradtsag-skala\/","og_site_name":"Are you tired","article_modified_time":"2022-09-06T10:22:32+00:00","twitter_card":"summary_large_image","twitter_misc":{"Becs\u00fclt olvas\u00e1si id\u0151":"1 perc"},"schema":{"@context":"https:\/\/schema.org","@graph":[{"@type":"WebPage","@id":"https:\/\/www.areyoutired.eu\/hu\/facit-faradtsag-skala\/","url":"https:\/\/www.areyoutired.eu\/hu\/facit-faradtsag-skala\/","name":"FACIT F\u00e1radts\u00e1g sk\u00e1la - Are you tired","isPartOf":{"@id":"https:\/\/www.areyoutired.eu\/#website"},"datePublished":"2022-08-31T13:19:36+00:00","dateModified":"2022-09-06T10:22:32+00:00","breadcrumb":{"@id":"https:\/\/www.areyoutired.eu\/hu\/facit-faradtsag-skala\/#breadcrumb"},"inLanguage":"hu","potentialAction":[{"@type":"ReadAction","target":["https:\/\/www.areyoutired.eu\/hu\/facit-faradtsag-skala\/"]}]},{"@type":"BreadcrumbList","@id":"https:\/\/www.areyoutired.eu\/hu\/facit-faradtsag-skala\/#breadcrumb","itemListElement":[{"@type":"ListItem","position":1,"name":"Domovsk\u00e1 str\u00e1nka","item":"https:\/\/www.areyoutired.eu\/"},{"@type":"ListItem","position":2,"name":"FACIT F\u00e1radts\u00e1g sk\u00e1la"}]},{"@type":"WebSite","@id":"https:\/\/www.areyoutired.eu\/#website","url":"https:\/\/www.areyoutired.eu\/","name":"Are you tired","description":"","potentialAction":[{"@type":"SearchAction","target":{"@type":"EntryPoint","urlTemplate":"https:\/\/www.areyoutired.eu\/?s={search_term_string}"},"query-input":"required name=search_term_string"}],"inLanguage":"hu"}]}},"_links":{"self":[{"href":"https:\/\/www.areyoutired.eu\/hu\/wp-json\/wp\/v2\/pages\/233","targetHints":{"allow":["GET"]}}],"collection":[{"href":"https:\/\/www.areyoutired.eu\/hu\/wp-json\/wp\/v2\/pages"}],"about":[{"href":"https:\/\/www.areyoutired.eu\/hu\/wp-json\/wp\/v2\/types\/page"}],"author":[{"embeddable":true,"href":"https:\/\/www.areyoutired.eu\/hu\/wp-json\/wp\/v2\/users\/1"}],"replies":[{"embeddable":true,"href":"https:\/\/www.areyoutired.eu\/hu\/wp-json\/wp\/v2\/comments?post=233"}],"version-history":[{"count":6,"href":"https:\/\/www.areyoutired.eu\/hu\/wp-json\/wp\/v2\/pages\/233\/revisions"}],"predecessor-version":[{"id":421,"href":"https:\/\/www.areyoutired.eu\/hu\/wp-json\/wp\/v2\/pages\/233\/revisions\/421"}],"wp:attachment":[{"href":"https:\/\/www.areyoutired.eu\/hu\/wp-json\/wp\/v2\/media?parent=233"}],"curies":[{"name":"wp","href":"https:\/\/api.w.org\/{rel}","templated":true}]}}